{"id":211,"date":"2023-05-21T15:11:46","date_gmt":"2023-05-21T14:11:46","guid":{"rendered":"https:\/\/mvd.si\/mvdfront\/?post_type=product&#038;p=211"},"modified":"2023-05-21T15:11:47","modified_gmt":"2023-05-21T14:11:47","slug":"ginarte-dry-gin-dedicated-to-frida-steklenica-z-darilno-skatlo-in-dva-eko-kristalna-kozarca","status":"publish","type":"product","link":"https:\/\/mvd.si\/index.php\/izdelek\/ginarte-dry-gin-dedicated-to-frida-steklenica-z-darilno-skatlo-in-dva-eko-kristalna-kozarca\/","title":{"rendered":"GINARTE Dry Gin Dedicated to Frida, steklenica z darilno \u0161katlo in dva eko-kristalna kozarca"},"content":{"rendered":"<p>[et_pb_section fb_built=&#8221;1&#8243; _builder_version=&#8221;4.16&#8243; custom_padding=&#8221;0px||||false|false&#8221; global_colors_info=&#8221;{}&#8221;][et_pb_row _builder_version=&#8221;4.16&#8243; background_size=&#8221;initial&#8221; background_position=&#8221;top_left&#8221; background_repeat=&#8221;repeat&#8221; width=&#8221;100%&#8221; custom_padding=&#8221;0px||0px||false|false&#8221; global_colors_info=&#8221;{}&#8221;][et_pb_column type=&#8221;4_4&#8243; _builder_version=&#8221;4.16&#8243; custom_padding=&#8221;|||&#8221; global_colors_info=&#8221;{}&#8221; custom_padding__hover=&#8221;|||&#8221;][et_pb_wc_cart_notice _builder_version=&#8221;4.18.0&#8243; content_text_color=&#8221;#FFFFFF&#8221; background_color=&#8221;#0d2e41&#8243; custom_button=&#8221;on&#8221; button_text_color=&#8221;#0d2e41&#8243; global_colors_info=&#8221;{}&#8221;][\/et_pb_wc_cart_notice][\/et_pb_column][\/et_pb_row][et_pb_row column_structure=&#8221;1_2,1_2&#8243; _builder_version=&#8221;4.18.0&#8243; background_size=&#8221;initial&#8221; background_position=&#8221;top_left&#8221; background_repeat=&#8221;repeat&#8221; width=&#8221;100%&#8221; custom_padding=&#8221;0px||||false|false&#8221; global_colors_info=&#8221;{}&#8221;][et_pb_column type=&#8221;1_2&#8243; _builder_version=&#8221;4.16&#8243; custom_padding=&#8221;|||&#8221; global_colors_info=&#8221;{}&#8221; custom_padding__hover=&#8221;|||&#8221;][et_pb_wc_images _builder_version=&#8221;4.16&#8243; global_colors_info=&#8221;{}&#8221;][\/et_pb_wc_images][\/et_pb_column][et_pb_column type=&#8221;1_2&#8243; _builder_version=&#8221;4.18.0&#8243; _module_preset=&#8221;default&#8221; global_colors_info=&#8221;{}&#8221;][et_pb_wc_title _builder_version=&#8221;4.16&#8243; global_colors_info=&#8221;{}&#8221;][\/et_pb_wc_title][et_pb_wc_price _builder_version=&#8221;4.18.0&#8243; body_text_color=&#8221;#ba1818&#8243; global_colors_info=&#8221;{}&#8221;][\/et_pb_wc_price][et_pb_wc_description _builder_version=&#8221;4.16&#8243; global_colors_info=&#8221;{}&#8221;][\/et_pb_wc_description][et_pb_wc_add_to_cart _builder_version=&#8221;4.16&#8243; custom_button=&#8221;on&#8221; button_text_color=&#8221;#0d2e41&#8243; button_bg_color=&#8221;#FFFFFF&#8221; button_border_color=&#8221;#0d2e41&#8243; global_colors_info=&#8221;{}&#8221;][\/et_pb_wc_add_to_cart][et_pb_wc_meta _builder_version=&#8221;4.18.0&#8243; body_text_color=&#8221;#0d2e41&#8243; global_colors_info=&#8221;{}&#8221;][\/et_pb_wc_meta][\/et_pb_column][\/et_pb_row][et_pb_row _builder_version=&#8221;4.18.0&#8243; _module_preset=&#8221;default&#8221; global_colors_info=&#8221;{}&#8221;][et_pb_column type=&#8221;4_4&#8243; _builder_version=&#8221;4.18.0&#8243; _module_preset=&#8221;default&#8221; global_colors_info=&#8221;{}&#8221;][et_pb_wc_tabs active_tab_background_color=&#8221;#0d2e41&#8243; inactive_tab_background_color=&#8221;rgba(13,46,65,0)&#8221; active_tab_text_color=&#8221;#FFFFFF&#8221; _builder_version=&#8221;4.18.0&#8243; tab_text_color=&#8221;#0d2e41&#8243; border_radii=&#8221;on|30px|30px|30px|30px&#8221; border_color_all=&#8221;#0d2e41&#8243; global_colors_info=&#8221;{}&#8221;] [\/et_pb_wc_tabs][\/et_pb_column][\/et_pb_row][\/et_pb_section]<\/p>\n","protected":false},"excerpt":{"rendered":"<p>[et_pb_section fb_built=&#8221;1&#8243; _builder_version=&#8221;4.16&#8243; custom_padding=&#8221;0px||||false|false&#8221; global_colors_info=&#8221;{}&#8221;][et_pb_row _builder_version=&#8221;4.16&#8243; background_size=&#8221;initial&#8221; background_position=&#8221;top_left&#8221; background_repeat=&#8221;repeat&#8221; width=&#8221;100%&#8221; custom_padding=&#8221;0px||0px||false|false&#8221; global_colors_info=&#8221;{}&#8221;][et_pb_column type=&#8221;4_4&#8243; _builder_version=&#8221;4.16&#8243; custom_padding=&#8221;|||&#8221; global_colors_info=&#8221;{}&#8221; custom_padding__hover=&#8221;|||&#8221;][et_pb_wc_cart_notice _builder_version=&#8221;4.18.0&#8243; content_text_color=&#8221;#FFFFFF&#8221; background_color=&#8221;#0d2e41&#8243; custom_button=&#8221;on&#8221; button_text_color=&#8221;#0d2e41&#8243; global_colors_info=&#8221;{}&#8221;][\/et_pb_wc_cart_notice][\/et_pb_column][\/et_pb_row][et_pb_row column_structure=&#8221;1_2,1_2&#8243; _builder_version=&#8221;4.18.0&#8243; background_size=&#8221;initial&#8221; background_position=&#8221;top_left&#8221; background_repeat=&#8221;repeat&#8221; width=&#8221;100%&#8221; custom_padding=&#8221;0px||||false|false&#8221; global_colors_info=&#8221;{}&#8221;][et_pb_column type=&#8221;1_2&#8243; _builder_version=&#8221;4.16&#8243; custom_padding=&#8221;|||&#8221; global_colors_info=&#8221;{}&#8221; custom_padding__hover=&#8221;|||&#8221;][et_pb_wc_images _builder_version=&#8221;4.16&#8243; global_colors_info=&#8221;{}&#8221;][\/et_pb_wc_images][\/et_pb_column][et_pb_column type=&#8221;1_2&#8243; _builder_version=&#8221;4.18.0&#8243; _module_preset=&#8221;default&#8221; global_colors_info=&#8221;{}&#8221;][et_pb_wc_title _builder_version=&#8221;4.16&#8243; global_colors_info=&#8221;{}&#8221;][\/et_pb_wc_title][et_pb_wc_price _builder_version=&#8221;4.18.0&#8243; body_text_color=&#8221;#ba1818&#8243; global_colors_info=&#8221;{}&#8221;][\/et_pb_wc_price][et_pb_wc_description _builder_version=&#8221;4.16&#8243; global_colors_info=&#8221;{}&#8221;][\/et_pb_wc_description][et_pb_wc_add_to_cart _builder_version=&#8221;4.16&#8243; custom_button=&#8221;on&#8221; button_text_color=&#8221;#0d2e41&#8243; button_bg_color=&#8221;#FFFFFF&#8221; button_border_color=&#8221;#0d2e41&#8243; global_colors_info=&#8221;{}&#8221;][\/et_pb_wc_add_to_cart][et_pb_wc_meta [&hellip;]<\/p>\n","protected":false},"featured_media":192,"template":"","meta":{"_et_pb_use_builder":"on","_et_pb_old_content":"<strong class=\"ql-size-huge\">NAVDIH<\/strong>\r\n\r\n<em>Bistvo umetnosti je njena sposobnost prena\u0161anja \u010dustev in sporo\u010dil. Navdih za Ginarte prihaja iz tega brezmejnega vesolja, ki ga najdemo tako v\u00a0naravi kot v\u00a0du\u0161i \u010dlove\u0161tva. Potovanje v\u00a0lepoto. Popolnoma uravnote\u017eena celota. Izraz mo\u010di in ob\u010dutljivosti. Ginarte je oda \u010dudesom, ki jih zna priklicati le umetnost. Iz tega razloga so nekatere uporabljene botani\u010dne rastline izbrane med rastlinami, ki imajo posebno povezavo z\u00a0umetnostjo. Umetni\u0161ka du\u0161a, ki \u017eivi globoko v\u00a0samem srcu tega edinstvenega in izjemnega\u00a0gina.<\/em>\r\n\r\n<strong class=\"ql-size-huge\">STEKLENICA<\/strong>\r\n\r\n<em>Steklenica je utele\u0161enje umetni\u0161kega bistva v\u00a0sebi. Je prazno slikarjevo platno, grobi marmorni blok kiparja, pentagram, na katerega komponira skladatelj, prazna stran, na katero pesnik pi\u0161e svoje vrstice. Je vse to in \u0161e veliko ve\u010d. Njegova bistvenost je njegova mo\u010d. Ginarte v\u00a0sebi je prava mojstrovina.<\/em>\r\n\r\n<strong class=\"ql-size-huge\">GIN<\/strong>\r\n\r\n<em>Ginarte je tako skrbno izdelan kot katera koli umetnina, ki jo o\u017eivi umetnik. Je plod intuicije, mojstrstva in znanja glede uporabe surovin. To je obrtni\u0161ko izdelan gin. Destilirano iz divjih brinovih jagod, ki rastejo samo na pobo\u010djih Apeninskega gorovja v\u00a0Toskani. Njihove izjemne aromati\u010dne lastnosti dajejo \u017eivljenje resni\u010dno edinstvenemu\u00a0okusu.<\/em>\r\n\r\n<strong class=\"ql-size-huge\">BOTANI\u010cNI<\/strong>\r\n\r\n<em>iz sveta umetnosti<\/em>\r\n\r\n<em>Med 13\u00a0rastlinami, uporabljenimi za Ginarte, smo izbrali rastline, ki so jih uporabljali renesan\u010dni slikarji in kiparji za proizvodnjo pigmentov za barvanje svojih del. Rastline, kot je kalamint, so bile uporabljene za zeleno, \u017eafranika, mignonette in rubia, ki so prinesle rumeno in rde\u010do, ter indigo, znan po globokih odtenkih modre, ki ga je ljubil Piero della Francesca. Poleg tega uporabljamo sredozemska zeli\u0161\u010da in cvetlice, ki zaradi svojih posebnih lastnosti dajejo Ginarteju edinstven in mamljiv\u00a0okus.<\/em>\r\n\r\n<strong class=\"ql-size-huge\">GINARTE POSVE\u010cENO FRIDI KAHLO<\/strong>\r\n\r\n<em>Ginarte nadaljuje svojo pot v\u00a0svet umetnosti in pozdravlja pomembno sodelovanje s\u00a0korporacijo Frida Kahlo. Po treh personaliziranih steklenicah, ki jih je izdelal nizozemski slikar Lou Thissen, Ginarte realizira dve izdaji steklenice, ustvarjene v\u00a0\u010dast veliki mehi\u0161ki slikarki Fridi\u00a0Kahlo.<\/em>"},"_links":{"self":[{"href":"https:\/\/mvd.si\/index.php\/wp-json\/wp\/v2\/product\/211"}],"collection":[{"href":"https:\/\/mvd.si\/index.php\/wp-json\/wp\/v2\/product"}],"about":[{"href":"https:\/\/mvd.si\/index.php\/wp-json\/wp\/v2\/types\/product"}],"wp:featuredmedia":[{"embeddable":true,"href":"https:\/\/mvd.si\/index.php\/wp-json\/wp\/v2\/media\/192"}],"wp:attachment":[{"href":"https:\/\/mvd.si\/index.php\/wp-json\/wp\/v2\/media?parent=211"}],"curies":[{"name":"wp","href":"https:\/\/api.w.org\/{rel}","templated":true}]}}